{"id":3206,"date":"2016-08-05T11:37:10","date_gmt":"2016-08-05T11:37:10","guid":{"rendered":"http:\/\/imesapi.com\/?page_id=3206"},"modified":"2026-03-06T09:48:20","modified_gmt":"2026-03-06T09:48:20","slug":"lopd","status":"publish","type":"page","link":"https:\/\/www.imesapi.es\/en\/lopd\/","title":{"rendered":"LOPD"},"content":{"rendered":"<p>[vc_row][vc_column][vc_column_text]<\/p>\n<h3 style=\"text-align: justify;\">Seguridad y protecci\u00f3n de datos de car\u00e1cter personal<\/h3>\n<p style=\"text-align: justify;\">En virtud de la normativa aplicable en materia de protecci\u00f3n de datos de car\u00e1cter personal, Ley Org\u00e1nica 15\/1999, de 13 de Diciembre, de Protecci\u00f3n de Datos de Car\u00e1cter Personal y normativa de desarrollo, se informa a los accionistas e inversores de la existencia de un fichero o tratamiento automatizado, con los datos de car\u00e1cter personal facilitados por los accionistas o por las entidades bancarias, Sociedades y Agencias de Valores en las que dichos accionistas tengan depositadas sus acciones, a trav\u00e9s de la entidad legalmente habilitada para la llevanza del registro de anotaciones en cuenta, Iberclear. La finalidad de dicho fichero o tratamiento es la gesti\u00f3n y administraci\u00f3n de los datos de los accionistas, y en su caso los de sus representantes.<\/p>\n<p>Los accionistas o sus representantes podr\u00e1n ejercitar, bajo los supuestos amparados en la ley, los derechos de acceso, rectificaci\u00f3n, cancelaci\u00f3n y oposici\u00f3n de los datos del fichero a trav\u00e9s de la correspondiente notificaci\u00f3n (que deber\u00e1 incluir la identificaci\u00f3n del titular de los derechos mediante fotocopia del DNI), a la siguiente direcci\u00f3n:<\/p>\n<h4 style=\"text-align: justify;\"><strong>GRUPO ImesAPI.<\/strong><br \/>\nAvda. Manoteras, 26 \u00b7 28050 MADRID<br \/>\n(Ref. Protecci\u00f3n de Datos).<\/h4>\n<p style=\"text-align: justify;\">GRUPO IMESAPI en su condici\u00f3n de Responsable del Fichero, informa de la adopci\u00f3n de las medidas de seguridad legalmente exigidas en sus instalaciones, sistemas y ficheros. Asimismo el Responsable del Fichero garantiza la confidencialidad de los datos personales, aunque revelar\u00e1 a las autoridades p\u00fablicas competentes los datos personales y cualquier otra informaci\u00f3n que est\u00e9 en su poder o sea accesible a trav\u00e9s de sus sistemas y sea requerida de conformidad a las disposiciones legales y reglamentarias aplicadas, as\u00ed como previo requerimiento judicial.<\/p>\n<p><b>\u00a9 2016 GRUPO IMESAPI. Reservados todos los derechos.<\/b><\/p>\n<p>[\/vc_column_text][\/vc_column][\/vc_row]<\/p>","protected":false},"excerpt":{"rendered":"<p>[vc_row][vc_column][vc_column_text] Seguridad y protecci\u00f3n de datos de car\u00e1cter personal En virtud de la normativa aplicable en materia de protecci\u00f3n de datos de car\u00e1cter personal, Ley Org\u00e1nica 15\/1999, de 13 de Diciembre, de Protecci\u00f3n de Datos de Car\u00e1cter Personal y normativa de desarrollo, se informa a los accionistas e inversores de la existencia de un fichero&hellip;<\/p>\n","protected":false},"author":1,"featured_media":0,"parent":0,"menu_order":0,"comment_status":"closed","ping_status":"closed","template":"","meta":{"_acf_changed":false},"class_list":["post-3206","page","type-page","status-publish","hentry","description-off"],"acf":[],"_links":{"self":[{"href":"https:\/\/www.imesapi.es\/en\/wp-json\/wp\/v2\/pages\/3206","targetHints":{"allow":["GET"]}}],"collection":[{"href":"https:\/\/www.imesapi.es\/en\/wp-json\/wp\/v2\/pages"}],"about":[{"href":"https:\/\/www.imesapi.es\/en\/wp-json\/wp\/v2\/types\/page"}],"author":[{"embeddable":true,"href":"https:\/\/www.imesapi.es\/en\/wp-json\/wp\/v2\/users\/1"}],"replies":[{"embeddable":true,"href":"https:\/\/www.imesapi.es\/en\/wp-json\/wp\/v2\/comments?post=3206"}],"version-history":[{"count":4,"href":"https:\/\/www.imesapi.es\/en\/wp-json\/wp\/v2\/pages\/3206\/revisions"}],"predecessor-version":[{"id":12803,"href":"https:\/\/www.imesapi.es\/en\/wp-json\/wp\/v2\/pages\/3206\/revisions\/12803"}],"wp:attachment":[{"href":"https:\/\/www.imesapi.es\/en\/wp-json\/wp\/v2\/media?parent=3206"}],"curies":[{"name":"wp","href":"https:\/\/api.w.org\/{rel}","templated":true}]}}