{"id":5624,"date":"2018-08-27T13:23:39","date_gmt":"2018-08-27T13:23:39","guid":{"rendered":"http:\/\/5.56.56.37\/imesapi\/?page_id=5624"},"modified":"2026-01-29T10:02:03","modified_gmt":"2026-01-29T10:02:03","slug":"rehabilitacion-y-pintura-industrial","status":"publish","type":"page","link":"https:\/\/www.imesapi.es\/en\/movilidad-limpieza-industrial\/rehabilitacion-y-pintura-industrial\/","title":{"rendered":"Rehabilitaci\u00f3n y Pintura Industrial"},"content":{"rendered":"<p>[vc_row type=&#8221;vc_default&#8221; css=&#8221;.vc_custom_1541000920244{margin-top: 35px !important;margin-bottom: 32px !important;}&#8221;][vc_column][vc_custom_heading text=&#8221;Rehabilitaci\u00f3n y Pintura Industrial&#8221; font_container=&#8221;tag:h1|text_align:center|color:%2300237d&#8221; use_theme_fonts=&#8221;yes&#8221;][vc_separator style=&#8221;shadow&#8221;][vc_empty_space][vc_column_text]<\/p>\n<p style=\"text-align: justify;\">La rehabilitaci\u00f3n de infraestructuras es la actividad primera que se desarroll\u00f3 en el \u00e1rea de infraestructuras y movilidad. Se inici\u00f3 en el a\u00f1o 1966, y desde entonces nos hemos especializado en centrales nucleares, t\u00e9rmicas, hidr\u00e1ulicas, tendidos el\u00e9ctricos, refiner\u00edas, industrias qu\u00edmicas y transportes, consolid\u00e1ndose en esta actividad como una de las principales empresas de \u00e1mbito nacional.<\/p>\n<p style=\"text-align: justify;\">Conscientes de la importancia de nuestros clientes, hemos enfocado nuestra trayectoria cubriendo los procesos de preparaci\u00f3n, ejecuci\u00f3n y seguimiento de nuestras obras. Es por ello que podemos ofrecerles nuestros mejores servicios como asesores, ejecutores y conservadores.<\/p>\n<p style=\"text-align: justify;\">Las actividades que desarrollamos dentro del \u00c1rea Industrial se desenvuelven en los siguientes campos:<\/p>\n<ul>\n<li style=\"text-align: justify;\">Mantenimientos anticorrosivos en el campo industrial.<\/li>\n<li style=\"text-align: justify;\">Ingenier\u00eda de la corrosi\u00f3n.<\/li>\n<li style=\"text-align: justify;\">Mantenimiento de L\u00edneas y Subestaciones El\u00e9ctricas de Alta Tensi\u00f3n.<\/li>\n<li style=\"text-align: justify;\">Rehabilitaciones Integrales de Puentes de F\u00e1brica, de Hormig\u00f3n y Met\u00e1licos.<\/li>\n<li style=\"text-align: justify;\">Restauraci\u00f3n del Patrimonio Hist\u00f3rico.<\/li>\n<li style=\"text-align: justify;\">Reparaci\u00f3n de Fachadas.<\/li>\n<li style=\"text-align: justify;\">Impermeabilizaciones.<\/li>\n<li style=\"text-align: justify;\">Pavimentos Industriales.<\/li>\n<li style=\"text-align: justify;\">Trabajos con equipos de Agua a Alta Presi\u00f3n: waterjet e hidroblast para preparaci\u00f3n de superficies, limpieza de t\u00faneles, hidrodemolici\u00f3n, etc.<\/li>\n<\/ul>\n<p style=\"text-align: justify;\">Disponemos de Inspectores de Recubrimientos y T\u00e9cnicos de Corrosi\u00f3n certificados por NACE International. As\u00ed mismo, todas nuestras actividades est\u00e1n certificadas por AENOR tanto en calidad como en medio ambiente, contamos tambi\u00e9n con la certificaci\u00f3n OHSAS 18001 para la prevenci\u00f3n de riesgos laborales.<\/p>\n<p>[\/vc_column_text][\/vc_column][\/vc_row][vc_row type=&#8221;vc_default&#8221;][vc_column][vc_custom_heading text=&#8221;Nuestros Servicios&#8221; font_container=&#8221;tag:h2|text_align:center|color:%2300237d&#8221; use_theme_fonts=&#8221;yes&#8221;][vc_separator style=&#8221;shadow&#8221;][vc_empty_space][vc_row_inner][vc_column_inner width=&#8221;1\/2&#8243;]<div id=\"modal-trg-txt-wrap-3624\" class=\"ult-modal-input-wrapper ult-adjust-bottom-margin hvr-grow-shadow  vc_custom_1537354993655\"><img decoding=\"async\" src=\"https:\/\/www.imesapi.es\/wp-content\/uploads\/layerslider\/Industrial\/slider_pinturas_industriales.jpg\" alt=\"null\" data-class-id=\"content-69fa87b3a7ccf\" class=\"ult-modal-img overlay-show ult-align-center ult-modal-image-\" data-overlay-class=\"overlay-fade\"\/><\/div>\n<div class=\"ult-overlay content-69fa87b3a7ccf \" data-class=\"content-69fa87b3a7ccf\" id=\"button-click-overlay\" style=\"background:rgba(3,34,124,0.5); display:none;\">\n\t<div class=\"ult_modal ult-fade ult-medium\">\n\t\t<div id=\"ult-modal-wrap-2191\" class=\"ult_modal-content ult-hide\" style=\"border-style:solid;border-width:1px;border-radius:10px;border-color:#03227c;\">\n\t\t\t<div class=\"ult_modal-header\" style=\"background:#03227c;color:#ffffff;font-family:'Open Sans';border-color:#03227c;\">\n\t\t\t\t<h3  data-ultimate-target='#ult-modal-wrap-2191 .ult_modal-title'  data-responsive-json-new='{\"font-size\":\"\",\"line-height\":\"\"}'  class=\"ult_modal-title ult-responsive\">Aplicaci\u00f3n de Pinturas Industriales<\/h3>\n\t\t\t<\/div>\n\t\t\t<div  data-ultimate-target='#ult-modal-wrap-2191 .ult_modal-body'  data-responsive-json-new='{\"font-size\":\"\",\"line-height\":\"\"}'  class=\"ult_modal-body ult-responsive ult-html\" style=\"\">\n\t\t\t<img loading=\"lazy\" decoding=\"async\" class=\"aligncenter wp-image-2326 size-full\" src=\"http:\/\/imesapi.es\/wp-content\/uploads\/layerslider\/Industrial\/slider_pinturas_industriales.jpg\" alt=\"\" width=\"1024\" height=\"240\" \/><\/p>\n<p style=\"text-align: justify;\">IMESAPI realiza trabajos de Aplicaci\u00f3n de Pinturas Industriales desde su creaci\u00f3n en la d\u00e9cada de los a\u00f1os 60. Con una gran reputaci\u00f3n en este campo, colaboramos con empresas de generaci\u00f3n, distribuci\u00f3n y transporte de energ\u00eda el\u00e9ctrica, gas, petr\u00f3leo y abastecimiento de agua (Red El\u00e9ctrica, Endesa, Gas Natural Fenosa, Canal Isabel II, CLH, Repsol).<\/p>\n<p>\n\t\t\t<\/div>\n\t<\/div>\n\t<\/div>\n\t<div class=\"ult-overlay-close\">Close<\/div>\n<\/div>[vc_custom_heading text=&#8221;Aplicaci\u00f3n de Pinturas Industriales&#8221; font_container=&#8221;tag:h5|text_align:center&#8221; use_theme_fonts=&#8221;yes&#8221;][vc_empty_space height=&#8221;10px&#8221;][\/vc_column_inner][vc_column_inner width=&#8221;1\/2&#8243;]<div id=\"modal-trg-txt-wrap-5763\" class=\"ult-modal-input-wrapper ult-adjust-bottom-margin hvr-grow-shadow  vc_custom_1537354615595\"><img decoding=\"async\" src=\"https:\/\/www.imesapi.es\/wp-content\/uploads\/layerslider\/Industrial\/slider_reparaciones_integrales.jpg\" alt=\"null\" data-class-id=\"content-69fa87b3a7dca\" class=\"ult-modal-img overlay-show ult-align-center ult-modal-image-\" data-overlay-class=\"overlay-fade\"\/><\/div>\n<div class=\"ult-overlay content-69fa87b3a7dca \" data-class=\"content-69fa87b3a7dca\" id=\"button-click-overlay\" style=\"background:rgba(3,34,124,0.5); display:none;\">\n\t<div class=\"ult_modal ult-fade ult-medium\">\n\t\t<div id=\"ult-modal-wrap-3474\" class=\"ult_modal-content ult-hide\" style=\"border-style:solid;border-width:1px;border-radius:10px;border-color:#03227c;\">\n\t\t\t<div class=\"ult_modal-header\" style=\"background:#03227c;color:#ffffff;font-family:'Open Sans';border-color:#03227c;\">\n\t\t\t\t<h3  data-ultimate-target='#ult-modal-wrap-3474 .ult_modal-title'  data-responsive-json-new='{\"font-size\":\"\",\"line-height\":\"\"}'  class=\"ult_modal-title ult-responsive\">Reparaciones Integrales<\/h3>\n\t\t\t<\/div>\n\t\t\t<div  data-ultimate-target='#ult-modal-wrap-3474 .ult_modal-body'  data-responsive-json-new='{\"font-size\":\"\",\"line-height\":\"\"}'  class=\"ult_modal-body ult-responsive ult-html\" style=\"\">\n\t\t\t<img loading=\"lazy\" decoding=\"async\" class=\"aligncenter wp-image-2327 size-full\" src=\"http:\/\/imesapi.es\/wp-content\/uploads\/layerslider\/Industrial\/slider_reparaciones_integrales.jpg\" alt=\"\" width=\"1024\" height=\"240\" \/><\/p>\n<p style=\"text-align: justify;\">Realizamos trabajos integrales de reparaci\u00f3n de todo tipo de estructuras. Trabajamos para todos los Gestores P\u00fablicos y Privados de Infraestructuras como Ministerio de Fomentos, Adif, Comunidades Aut\u00f3nomas, Diputaciones, Ayuntamientos, Grupo Abertis&#8230;<\/p>\n<p>\n\t\t\t<\/div>\n\t<\/div>\n\t<\/div>\n\t<div class=\"ult-overlay-close\">Close<\/div>\n<\/div>[vc_custom_heading text=&#8221;Reparaciones Integrales&#8221; font_container=&#8221;tag:h5|text_align:center&#8221; use_theme_fonts=&#8221;yes&#8221;][vc_empty_space height=&#8221;10px&#8221;][\/vc_column_inner][\/vc_row_inner][vc_row_inner][vc_column_inner width=&#8221;1\/2&#8243;]<div id=\"modal-trg-txt-wrap-1518\" class=\"ult-modal-input-wrapper ult-adjust-bottom-margin hvr-grow-shadow  vc_custom_1537354659288\"><img decoding=\"async\" src=\"https:\/\/www.imesapi.es\/wp-content\/uploads\/layerslider\/Industrial\/slider_restauracion_rehabilitacion.jpg\" alt=\"null\" data-class-id=\"content-69fa87b3a7e91\" class=\"ult-modal-img overlay-show ult-align-center ult-modal-image-\" data-overlay-class=\"overlay-fade\"\/><\/div>\n<div class=\"ult-overlay content-69fa87b3a7e91 \" data-class=\"content-69fa87b3a7e91\" id=\"button-click-overlay\" style=\"background:rgba(3,34,124,0.5); display:none;\">\n\t<div class=\"ult_modal ult-fade ult-medium\">\n\t\t<div id=\"ult-modal-wrap-2207\" class=\"ult_modal-content ult-hide\" style=\"border-style:solid;border-width:1px;border-radius:10px;border-color:#03227c;\">\n\t\t\t<div class=\"ult_modal-header\" style=\"background:#03227c;color:#ffffff;font-family:'Open Sans';border-color:#03227c;\">\n\t\t\t\t<h3  data-ultimate-target='#ult-modal-wrap-2207 .ult_modal-title'  data-responsive-json-new='{\"font-size\":\"\",\"line-height\":\"\"}'  class=\"ult_modal-title ult-responsive\">Restauraci\u00f3n y Rehabilitaci\u00f3n<\/h3>\n\t\t\t<\/div>\n\t\t\t<div  data-ultimate-target='#ult-modal-wrap-2207 .ult_modal-body'  data-responsive-json-new='{\"font-size\":\"\",\"line-height\":\"\"}'  class=\"ult_modal-body ult-responsive ult-html\" style=\"\">\n\t\t\t<img loading=\"lazy\" decoding=\"async\" class=\"aligncenter wp-image-2333 size-full\" src=\"http:\/\/imesapi.es\/wp-content\/uploads\/layerslider\/Industrial\/slider_restauracion_rehabilitacion.jpg\" alt=\"\" width=\"1024\" height=\"240\" \/><\/p>\n<p style=\"text-align: justify;\">Llevamos m\u00e1s de 15 a\u00f1os realizando trabajos de Restauraci\u00f3n de Bienes de Inter\u00e9s Cultural. Tambi\u00e9n realizamos trabajos de reparaci\u00f3n y rehabilitaci\u00f3n de edificios, arquitectura urbana, decoraci\u00f3n de interiores e impermeabilizaci\u00f3n de cubiertas de edificios, puentes, aeropuertos, etc.<\/p>\n<p>\n\t\t\t<\/div>\n\t<\/div>\n\t<\/div>\n\t<div class=\"ult-overlay-close\">Close<\/div>\n<\/div>[vc_custom_heading text=&#8221;Restauraci\u00f3n y Rehabilitaci\u00f3n&#8221; font_container=&#8221;tag:h5|text_align:center&#8221; use_theme_fonts=&#8221;yes&#8221;][vc_empty_space height=&#8221;10px&#8221;][\/vc_column_inner][vc_column_inner width=&#8221;1\/2&#8243;]<div id=\"modal-trg-txt-wrap-9510\" class=\"ult-modal-input-wrapper ult-adjust-bottom-margin hvr-grow-shadow  vc_custom_1537950229036\"><img decoding=\"async\" src=\"https:\/\/www.imesapi.es\/wp-content\/uploads\/layerslider\/Carreteras\/tuneles_slider.jpg\" alt=\"null\" data-class-id=\"content-69fa87b3a7f57\" class=\"ult-modal-img overlay-show ult-align-center ult-modal-image-\" data-overlay-class=\"overlay-fade\"\/><\/div>\n<div class=\"ult-overlay content-69fa87b3a7f57 \" data-class=\"content-69fa87b3a7f57\" id=\"button-click-overlay\" style=\"background:rgba(3,34,124,0.5); display:none;\">\n\t<div class=\"ult_modal ult-fade ult-medium\">\n\t\t<div id=\"ult-modal-wrap-8881\" class=\"ult_modal-content ult-hide\" style=\"border-style:solid;border-width:1px;border-radius:10px;border-color:#03227c;\">\n\t\t\t<div class=\"ult_modal-header\" style=\"background:#03227c;color:#ffffff;font-family:'Open Sans';border-color:#03227c;\">\n\t\t\t\t<h3  data-ultimate-target='#ult-modal-wrap-8881 .ult_modal-title'  data-responsive-json-new='{\"font-size\":\"\",\"line-height\":\"\"}'  class=\"ult_modal-title ult-responsive\">Trabajos con Agua a Alta Presi\u00f3n<\/h3>\n\t\t\t<\/div>\n\t\t\t<div  data-ultimate-target='#ult-modal-wrap-8881 .ult_modal-body'  data-responsive-json-new='{\"font-size\":\"\",\"line-height\":\"\"}'  class=\"ult_modal-body ult-responsive ult-html\" style=\"\">\n\t\t\t<img loading=\"lazy\" decoding=\"async\" class=\"aligncenter wp-image-710 size-full\" src=\"http:\/\/imesapi.es\/wp-content\/uploads\/layerslider\/Carreteras\/tuneles_slider.jpg\" alt=\"\" width=\"1024\" height=\"240\" \/><\/p>\n<p style=\"text-align: justify;\">IMESAPI fue la pionera en la introducci\u00f3n de estas t\u00e9cnicas en Espa\u00f1a en el a\u00f1o 1984. Una gran variedad de equipos de agua a muy alta presi\u00f3n se encuentran integrados en nuestras actividades con el fin de ser altamente respetuosos con el medioambiente.<\/p>\n<p style=\"text-align: justify;\">[vc_media_grid style=&#8221;pagination&#8221; items_per_page=&#8221;6&#8243; element_width=&#8221;2&#8243; arrows_design=&#8221;vc_arrow-icon-arrow_04_left&#8221; arrows_position=&#8221;outside&#8221; paging_design=&#8221;point_dots&#8221; paging_color=&#8221;blue&#8221; loop=&#8221;yes&#8221; autoplay=&#8221;4&#8243; item=&#8221;mediaGrid_FadeInWithIcon&#8221; grid_id=&#8221;vc_gid:1475475847800-d840e45a-8e45-5&#8243; include=&#8221;7274,7275,7276,7277,7278,7279,7280,7281,7282,7283&#8243; paging_animation_in=&#8221;slideInRight&#8221; paging_animation_out=&#8221;slideOutLeft&#8221;]<\/p>\n<p>\n\t\t\t<\/div>\n\t<\/div>\n\t<\/div>\n\t<div class=\"ult-overlay-close\">Close<\/div>\n<\/div>[vc_custom_heading text=&#8221;Trabajos con Agua a Alta Presi\u00f3n&#8221; font_container=&#8221;tag:h5|text_align:center&#8221; use_theme_fonts=&#8221;yes&#8221;][vc_empty_space height=&#8221;10px&#8221;][\/vc_column_inner][\/vc_row_inner][vc_empty_space height=&#8221;16px&#8221;][\/vc_column][\/vc_row][vc_row type=&#8221;vc_default&#8221;][vc_column][vc_custom_heading text=&#8221;Proyectos Destacados&#8221; font_container=&#8221;tag:h2|text_align:center|color:%2300237d&#8221; use_theme_fonts=&#8221;yes&#8221;][vc_separator style=&#8221;shadow&#8221;][vc_empty_space][vc_basic_grid post_type=&#8221;post&#8221; max_items=&#8221;8&#8243; element_width=&#8221;3&#8243; order=&#8221;ASC&#8221; item=&#8221;1652&#8243; grid_id=&#8221;vc_gid:1769680912566-b14edb4b-6551-8&#8243; taxonomies=&#8221;42&#8243; el_id=&#8221;make-link-blank&#8221;][vc_empty_space height=&#8221;16px&#8221;][\/vc_column][\/vc_row][vc_row type=&#8221;vc_default&#8221; css=&#8221;.vc_custom_1541000957707{margin-bottom: 35px !important;}&#8221;][vc_column][vc_custom_heading text=&#8221;Galer\u00eda de Fotos&#8221; font_container=&#8221;tag:h2|text_align:center|color:%2300237d&#8221; use_theme_fonts=&#8221;yes&#8221;][vc_separator style=&#8221;shadow&#8221;][vc_empty_space][vc_media_grid style=&#8221;pagination&#8221; items_per_page=&#8221;6&#8243; element_width=&#8221;2&#8243; arrows_design=&#8221;vc_arrow-icon-arrow_04_left&#8221; arrows_position=&#8221;outside&#8221; paging_design=&#8221;point_dots&#8221; paging_color=&#8221;blue&#8221; loop=&#8221;yes&#8221; autoplay=&#8221;4&#8243; item=&#8221;mediaGrid_FadeInWithIcon&#8221; grid_id=&#8221;vc_gid:1769680912567-3a5e5b56-6d9f-10&#8243; include=&#8221;7285,7287,7288,7286,7290,7291,7292,7289,7294,7295,7296,7297,7293,7299,7300,7298,10823,10822,10821,10820,10819,10818,10817&#8243; paging_animation_in=&#8221;slideInRight&#8221; paging_animation_out=&#8221;slideOutLeft&#8221;][\/vc_column][\/vc_row]<\/p>","protected":false},"excerpt":{"rendered":"<p>[vc_row type=&#8221;vc_default&#8221; css=&#8221;.vc_custom_1541000920244{margin-top: 35px !important;margin-bottom: 32px !important;}&#8221;][vc_column][vc_custom_heading text=&#8221;Rehabilitaci\u00f3n y Pintura Industrial&#8221; font_container=&#8221;tag:h1|text_align:center|color:%2300237d&#8221; use_theme_fonts=&#8221;yes&#8221;][vc_separator style=&#8221;shadow&#8221;][vc_empty_space][vc_column_text] La rehabilitaci\u00f3n de infraestructuras es la actividad primera que se desarroll\u00f3 en el \u00e1rea de infraestructuras y movilidad. Se inici\u00f3 en el a\u00f1o 1966, y desde entonces nos hemos especializado en centrales nucleares, t\u00e9rmicas, hidr\u00e1ulicas, tendidos el\u00e9ctricos, refiner\u00edas, industrias qu\u00edmicas y&hellip;<\/p>\n","protected":false},"author":1,"featured_media":0,"parent":23,"menu_order":3,"comment_status":"closed","ping_status":"closed","template":"","meta":{"_acf_changed":false},"class_list":["post-5624","page","type-page","status-publish","hentry","description-off"],"acf":[],"_links":{"self":[{"href":"https:\/\/www.imesapi.es\/en\/wp-json\/wp\/v2\/pages\/5624","targetHints":{"allow":["GET"]}}],"collection":[{"href":"https:\/\/www.imesapi.es\/en\/wp-json\/wp\/v2\/pages"}],"about":[{"href":"https:\/\/www.imesapi.es\/en\/wp-json\/wp\/v2\/types\/page"}],"author":[{"embeddable":true,"href":"https:\/\/www.imesapi.es\/en\/wp-json\/wp\/v2\/users\/1"}],"replies":[{"embeddable":true,"href":"https:\/\/www.imesapi.es\/en\/wp-json\/wp\/v2\/comments?post=5624"}],"version-history":[{"count":5,"href":"https:\/\/www.imesapi.es\/en\/wp-json\/wp\/v2\/pages\/5624\/revisions"}],"predecessor-version":[{"id":12702,"href":"https:\/\/www.imesapi.es\/en\/wp-json\/wp\/v2\/pages\/5624\/revisions\/12702"}],"up":[{"embeddable":true,"href":"https:\/\/www.imesapi.es\/en\/wp-json\/wp\/v2\/pages\/23"}],"wp:attachment":[{"href":"https:\/\/www.imesapi.es\/en\/wp-json\/wp\/v2\/media?parent=5624"}],"curies":[{"name":"wp","href":"https:\/\/api.w.org\/{rel}","templated":true}]}}